{"id":1138,"date":"2012-08-27T12:48:53","date_gmt":"2012-08-27T11:48:53","guid":{"rendered":"http:\/\/www.agriturismocoppirossi.com\/?page_id=1138"},"modified":"2012-08-27T12:48:53","modified_gmt":"2012-08-27T11:48:53","slug":"sono-venuti-a-trovarci","status":"publish","type":"page","link":"https:\/\/www.agriturismocoppirossi.com\/?page_id=1138","title":{"rendered":"Sono venuti a trovarci&#8230;"},"content":{"rendered":"<p>Capita anche a chi fa il nostro lavoro di andare in vacanza. Cos\u00ec abbiamo avuto il piacere di conoscere alcuni &#8220;colleghi&#8221; provenienti da luoghi lontani. Ho pensato che creare un elenco e farti visitare i loro siti web pu\u00f2 aiutare ad organizzare vacanze &#8220;alternative&#8221; a cui non avresti mai pensato.<\/p>\n<p><a href=\"http:\/\/www.noclegiwjeleniej.pl\/index.php?option=com_content&amp;view=article&amp;id=114&amp;Itemid=128\" target=\"_blank\"><img loading=\"lazy\" decoding=\"async\" class=\"alignleft  wp-image-1146\" style=\"border: 0px none; margin: 4px;\" title=\"jeleniaGora\" src=\"http:\/\/www.agriturismocoppirossi.com\/wp-content\/uploads\/2012\/08\/jeleniaGora-150x150.jpg\" alt=\"\" width=\"84\" height=\"84\" \/><\/a><\/p>\n<p>&nbsp;<\/p>\n<p><a href=\"http:\/\/www.noclegiwjeleniej.pl\/index.php?option=com_content&amp;view=article&amp;id=114&amp;Itemid=128\" target=\"_blank\">Il primo della serie \u00e8 della cara Renata<\/a>, che parla un italiano perfetto ed \u00e8 di Jelenia G\u00f3ra. Se non hai mai valutato la Polonia come meta turistica, \u00e8 ora di cambiare idea!<\/p>\n","protected":false},"excerpt":{"rendered":"<p>Capita anche a chi fa il nostro lavoro di andare in vacanza. Cos\u00ec abbiamo avuto il piacere di conoscere alcuni &#8220;colleghi&#8221; provenienti da luoghi lontani. Ho pensato che creare un elenco e farti visitare i loro siti web pu\u00f2 aiutare ad organizzare vacanze &#8220;alternative&#8221; a cui non avresti mai pensato. &nbsp; Il primo della serie [&hellip;]<\/p>\n","protected":false},"author":1,"featured_media":0,"parent":0,"menu_order":0,"comment_status":"open","ping_status":"open","template":"","meta":{"footnotes":""},"class_list":["post-1138","page","type-page","status-publish","hentry"],"_links":{"self":[{"href":"https:\/\/www.agriturismocoppirossi.com\/index.php?rest_route=\/wp\/v2\/pages\/1138","targetHints":{"allow":["GET"]}}],"collection":[{"href":"https:\/\/www.agriturismocoppirossi.com\/index.php?rest_route=\/wp\/v2\/pages"}],"about":[{"href":"https:\/\/www.agriturismocoppirossi.com\/index.php?rest_route=\/wp\/v2\/types\/page"}],"author":[{"embeddable":true,"href":"https:\/\/www.agriturismocoppirossi.com\/index.php?rest_route=\/wp\/v2\/users\/1"}],"replies":[{"embeddable":true,"href":"https:\/\/www.agriturismocoppirossi.com\/index.php?rest_route=%2Fwp%2Fv2%2Fcomments&post=1138"}],"version-history":[{"count":5,"href":"https:\/\/www.agriturismocoppirossi.com\/index.php?rest_route=\/wp\/v2\/pages\/1138\/revisions"}],"predecessor-version":[{"id":1153,"href":"https:\/\/www.agriturismocoppirossi.com\/index.php?rest_route=\/wp\/v2\/pages\/1138\/revisions\/1153"}],"wp:attachment":[{"href":"https:\/\/www.agriturismocoppirossi.com\/index.php?rest_route=%2Fwp%2Fv2%2Fmedia&parent=1138"}],"curies":[{"name":"wp","href":"https:\/\/api.w.org\/{rel}","templated":true}]}}