{"id":2,"date":"2010-11-28T05:56:09","date_gmt":"2010-11-28T04:56:09","guid":{"rendered":"http:\/\/www.agriturismocoppirossi.com\/?page_id=2"},"modified":"2010-12-01T17:18:20","modified_gmt":"2010-12-01T16:18:20","slug":"about","status":"publish","type":"page","link":"https:\/\/www.agriturismocoppirossi.com\/?page_id=2","title":{"rendered":"La Storia \u2026. e l\u2019Idea"},"content":{"rendered":"<p>Cominciamo dall&#8217;idea per finire alla storia.<\/p>\n<p>Gi\u00e0 da tempo, avevamo in testa un&#8217;idea meravigliosa. S\u00ec, mio marito in testa ha anche l&#8217; &#8220;idea meravigliosa&#8221; della pubblicit\u00e0 (solo l&#8217;idea, per\u00f2), ma in questo contesto intendo parlarvi di ristrutturazioni.<\/p>\n<p>Calma, prima di dire che \u00e8 un&#8217;idea banale, gi\u00e0 vista, trita e ritrita, ascoltatemi per favore.<\/p>\n<p>Annessa ai terreni che coltiviamo abbiamo una antica costruzione nota gi\u00e0 nel &#8216;700 come &#8220;Molino Rosso&#8221;. In epoca antica era una villa con frantoio immersa in un uliveto, unica nel suo genere.<\/p>\n<p>Mio suocero l&#8217;acquist\u00f2 quasi 50 anni fa e per un paio d&#8217;anni fu usata ancora come frantoio. Poi gli ulivi furono sostituiti da fasce per la coltivazione di fiori ed una numerosa famiglia di mezzadri vi si insedi\u00f2.<\/p>\n<p>Fino a pochi anni fa, quando, andatosene l&#8217;ultimo mezzadro, decidemmo di ristrutturarla ed usarla come struttura agrituristica.<\/p>\n<p>I vincoli della sovraintendenza delle Belle Arti di Genova ci ha portato ad avviare l&#8217;intervento conservativo che costituir\u00e0 la storia di questo blog.<\/p>\n<p>Vi far\u00f2 vedere i progressi fatti dal 2008, anno di inizio della ristrutturazione. Cercher\u00f2 di farvi ammirare l&#8217;opera di specialisti della ristrutturazione di antichi edifici, dall&#8217;architetto all&#8217;imprenditore edile alle restauratrici. Vi terr\u00f2 al corrente dei progressi giorno per giorno. Vi racconter\u00f2 la storia di questa antica villa.<\/p>\n<p>Pensate, i lavori sono iniziati nel 2008, ma pare che abbiamo davanti ancora diversi mesi, prima di poter aprire la struttura agli ospiti. Un bel po&#8217; di cose da raccontare, vero?<\/p>\n<p>Oh, ci piacerebbe sentire il vostro parere, i suggerimenti, le critiche. Quindi scrivete, scrivete, scrivete. L&#8217;indirizzo \u00e8 <a href=\"mailto:info@agriturismocoppirossi.com\">info@agriturismocoppirossi.com<\/a>.<\/p>\n<p>Non abbiatevene a male se non rispondo subito; la nostra vita si svolge tra il mercato (alle 4 del mattino), le consegne, il magazzino, la cura di Marta e le faccende in casa: il computer viene come ultima cosa alla sera, se siamo ancora svegli.<\/p>\n","protected":false},"excerpt":{"rendered":"<p>Cominciamo dall&#8217;idea per finire alla storia. Gi\u00e0 da tempo, avevamo in testa un&#8217;idea meravigliosa. S\u00ec, mio marito in testa ha anche l&#8217; &#8220;idea meravigliosa&#8221; della pubblicit\u00e0 (solo l&#8217;idea, per\u00f2), ma in questo contesto intendo parlarvi di ristrutturazioni. Calma, prima di dire che \u00e8 un&#8217;idea banale, gi\u00e0 vista, trita e ritrita, ascoltatemi per favore. Annessa ai [&hellip;]<\/p>\n","protected":false},"author":1,"featured_media":0,"parent":0,"menu_order":0,"comment_status":"open","ping_status":"closed","template":"","meta":{"footnotes":""},"class_list":["post-2","page","type-page","status-publish","hentry"],"_links":{"self":[{"href":"https:\/\/www.agriturismocoppirossi.com\/index.php?rest_route=\/wp\/v2\/pages\/2","targetHints":{"allow":["GET"]}}],"collection":[{"href":"https:\/\/www.agriturismocoppirossi.com\/index.php?rest_route=\/wp\/v2\/pages"}],"about":[{"href":"https:\/\/www.agriturismocoppirossi.com\/index.php?rest_route=\/wp\/v2\/types\/page"}],"author":[{"embeddable":true,"href":"https:\/\/www.agriturismocoppirossi.com\/index.php?rest_route=\/wp\/v2\/users\/1"}],"replies":[{"embeddable":true,"href":"https:\/\/www.agriturismocoppirossi.com\/index.php?rest_route=%2Fwp%2Fv2%2Fcomments&post=2"}],"version-history":[{"count":11,"href":"https:\/\/www.agriturismocoppirossi.com\/index.php?rest_route=\/wp\/v2\/pages\/2\/revisions"}],"predecessor-version":[{"id":94,"href":"https:\/\/www.agriturismocoppirossi.com\/index.php?rest_route=\/wp\/v2\/pages\/2\/revisions\/94"}],"wp:attachment":[{"href":"https:\/\/www.agriturismocoppirossi.com\/index.php?rest_route=%2Fwp%2Fv2%2Fmedia&parent=2"}],"curies":[{"name":"wp","href":"https:\/\/api.w.org\/{rel}","templated":true}]}}