{"id":26,"date":"2010-11-30T06:46:36","date_gmt":"2010-11-30T05:46:36","guid":{"rendered":"http:\/\/www.agriturismocoppirossi.com\/?page_id=26"},"modified":"2010-12-01T17:51:04","modified_gmt":"2010-12-01T16:51:04","slug":"i-protagonisti","status":"publish","type":"page","link":"https:\/\/www.agriturismocoppirossi.com\/?page_id=26","title":{"rendered":"I Protagonisti"},"content":{"rendered":"<table style=\"width: 100%;\" border=\"0\">\n<tbody>\n<tr>\n<td style=\"width: 10%;\" align=\"left\" valign=\"baseline\"><img loading=\"lazy\" decoding=\"async\" class=\"alignleft size-full wp-image-32\" title=\"malina\" src=\"http:\/\/www.agriturismocoppirossi.com\/wp-content\/uploads\/2010\/11\/malina.gif\" alt=\"Malina\" width=\"96\" height=\"96\" \/><\/td>\n<td style=\"width: 90%;\" valign=\"middle\">Eccomi qua. Sono Malina.<\/p>\n<p>Vi guider\u00f2 come novello Virgilio attraverso l&#8217;inferno della  burocrazia, il purgatorio dei lavori e, spero, il paradiso della  gestione dell&#8217;agriturismo.<\/td>\n<\/tr>\n<\/tbody>\n<\/table>\n<table style=\"width: 100%;\" border=\"0\">\n<tbody>\n<tr>\n<td style=\"width: 90%; text-align: right;\" align=\"right\">Questo \u00e8 Michele, l&#8217;altra met\u00e0 del mio cielo.Qualcuno l&#8217;ha definito &#8220;il   mite cerbero&#8221;; stiamo considerando di metterlo alla reception.<\/td>\n<td>\n<p style=\"text-align: right;\"><img loading=\"lazy\" decoding=\"async\" class=\"size-full wp-image-34 alignright\" title=\"michele\" src=\"http:\/\/www.agriturismocoppirossi.com\/wp-content\/uploads\/2010\/11\/michele.gif\" alt=\"Michele\" width=\"96\" height=\"96\" \/><\/p>\n<\/td>\n<\/tr>\n<\/tbody>\n<\/table>\n<table style=\"width: 100%;\" border=\"0\">\n<tbody>\n<tr>\n<td><img loading=\"lazy\" decoding=\"async\" class=\"alignleft size-full wp-image-33\" title=\"marta\" src=\"http:\/\/www.agriturismocoppirossi.com\/wp-content\/uploads\/2010\/11\/marta.gif\" alt=\"Marta\" width=\"96\" height=\"96\" \/><\/td>\n<td style=\"width: 90%;\" align=\"left\">Questa \u00e8 Marta, la pi\u00f9 adorabile adolescente che una mamma vorrebbe in  casa.A parte quando litig&#8230;, ops, discutiamo pacatamente su qualunque  cosa<\/td>\n<\/tr>\n<\/tbody>\n<\/table>\n<table style=\"width: 100%;\" border=\"0\">\n<tbody>\n<tr>\n<td style=\"width: 90%;\" valign=\"middle\">E questa \u00e8 la Gigia, il bat-cane che sfida l&#8217;impossibile. Lei \u00e8 un   cerbero, mica tanto mite! Nonostante le ridottissime dimensioni!La Gigia   appare nelle sue reali sembianze perch\u00e9 \u00e8 l&#8217;unica che mi ha firmato il   consenso della privacy per il trattamento dei dati personali.<\/td>\n<td style=\"width: 10%;\" align=\"left\" valign=\"middle\"><img loading=\"lazy\" decoding=\"async\" class=\"alignright size-full wp-image-96\" title=\"&lt;Samsung D70 \/ D75 \/ S730 \/ S750&gt;\" src=\"http:\/\/www.agriturismocoppirossi.com\/wp-content\/uploads\/2010\/11\/gigia.jpg\" alt=\"Gigia\" width=\"96\" height=\"128\" \/><\/td>\n<\/tr>\n<\/tbody>\n<\/table>\n<p style=\"text-align: right;\"><sub>Avatar by <span style=\"color: #888888;\">GivraMeidi<\/span><\/sub><\/p>\n","protected":false},"excerpt":{"rendered":"<p>Eccomi qua. Sono Malina. Vi guider\u00f2 come novello Virgilio attraverso l&#8217;inferno della burocrazia, il purgatorio dei lavori e, spero, il paradiso della gestione dell&#8217;agriturismo. Questo \u00e8 Michele, l&#8217;altra met\u00e0 del mio cielo.Qualcuno l&#8217;ha definito &#8220;il mite cerbero&#8221;; stiamo considerando di metterlo alla reception. Questa \u00e8 Marta, la pi\u00f9 adorabile adolescente che una mamma vorrebbe in [&hellip;]<\/p>\n","protected":false},"author":1,"featured_media":0,"parent":0,"menu_order":0,"comment_status":"open","ping_status":"closed","template":"","meta":{"footnotes":""},"class_list":["post-26","page","type-page","status-publish","hentry"],"_links":{"self":[{"href":"https:\/\/www.agriturismocoppirossi.com\/index.php?rest_route=\/wp\/v2\/pages\/26","targetHints":{"allow":["GET"]}}],"collection":[{"href":"https:\/\/www.agriturismocoppirossi.com\/index.php?rest_route=\/wp\/v2\/pages"}],"about":[{"href":"https:\/\/www.agriturismocoppirossi.com\/index.php?rest_route=\/wp\/v2\/types\/page"}],"author":[{"embeddable":true,"href":"https:\/\/www.agriturismocoppirossi.com\/index.php?rest_route=\/wp\/v2\/users\/1"}],"replies":[{"embeddable":true,"href":"https:\/\/www.agriturismocoppirossi.com\/index.php?rest_route=%2Fwp%2Fv2%2Fcomments&post=26"}],"version-history":[{"count":34,"href":"https:\/\/www.agriturismocoppirossi.com\/index.php?rest_route=\/wp\/v2\/pages\/26\/revisions"}],"predecessor-version":[{"id":95,"href":"https:\/\/www.agriturismocoppirossi.com\/index.php?rest_route=\/wp\/v2\/pages\/26\/revisions\/95"}],"wp:attachment":[{"href":"https:\/\/www.agriturismocoppirossi.com\/index.php?rest_route=%2Fwp%2Fv2%2Fmedia&parent=26"}],"curies":[{"name":"wp","href":"https:\/\/api.w.org\/{rel}","templated":true}]}}