{"id":30,"date":"2010-11-29T23:33:30","date_gmt":"2010-11-29T22:33:30","guid":{"rendered":"http:\/\/www.agriturismocoppirossi.com\/?page_id=30"},"modified":"2020-12-26T11:56:38","modified_gmt":"2020-12-26T10:56:38","slug":"il-posto","status":"publish","type":"page","link":"https:\/\/www.agriturismocoppirossi.com\/?page_id=30","title":{"rendered":"Il Posto"},"content":{"rendered":"<p>Gi\u00e0, dimenticavo di spiegare dove siamo.<\/p>\n<p>Mi viene da dire &#8220;Nel pi\u00f9 bel posto del mondo&#8221;, ma sono sicura che direte altrettanto di casa vostra, per cui mi limiter\u00f2 a qualche indicazione geografica.<\/p>\n<p>Il vecchio mulino \u00e8 nell&#8217;immediato entroterra di <a title=\"Agriturismo Coppi Rossi\" href=\"http:\/\/maps.google.com\/maps\/api\/staticmap?markers=||43.886947,7.975494|&amp;zoom=17&amp;size=800x600&amp;sensor=false&amp;maptype=satellite\" target=\"_blank\" rel=\"noopener\">Imperia<\/a>, nella Riviera dei Fiori, a un paio di chilometri dal mare, che ammiriamo dalle finestre di casa.<\/p>\n<p>Immersi tra gli ulivi, sulla sponda del torrente Prino, a un tiro di schioppo dall&#8217;incantevole <a href=\"http:\/\/www.torrazza.it\" target=\"_blank\" rel=\"noopener\">Torrazza<\/a>, siamo anche vicini al Parco Nazionale delle Alpi Liguri.<\/p>\n<div style=\"width: 640px;\" class=\"wp-video\"><video class=\"wp-video-shortcode\" id=\"video-30-1\" width=\"640\" height=\"480\" preload=\"metadata\" controls=\"controls\"><source type=\"video\/mp4\" src=\"http:\/\/www.agriturismocoppirossi.com\/wp-content\/uploads\/2020\/12\/presentazione-mulino.mp4?_=1\" \/><a href=\"http:\/\/www.agriturismocoppirossi.com\/wp-content\/uploads\/2020\/12\/presentazione-mulino.mp4\">http:\/\/www.agriturismocoppirossi.com\/wp-content\/uploads\/2020\/12\/presentazione-mulino.mp4<\/a><\/video><\/div>\n<p><a href=\"http:\/\/www.danosongs.com\">En la brisa- Free Royalty Free Music by DanoSongs.com<\/a><\/p>\n","protected":false},"excerpt":{"rendered":"<p>Gi\u00e0, dimenticavo di spiegare dove siamo. Mi viene da dire &#8220;Nel pi\u00f9 bel posto del mondo&#8221;, ma sono sicura che direte altrettanto di casa vostra, per cui mi limiter\u00f2 a qualche indicazione geografica. Il vecchio mulino \u00e8 nell&#8217;immediato entroterra di Imperia, nella Riviera dei Fiori, a un paio di chilometri dal mare, che ammiriamo dalle [&hellip;]<\/p>\n","protected":false},"author":1,"featured_media":0,"parent":0,"menu_order":0,"comment_status":"open","ping_status":"closed","template":"","meta":{"footnotes":""},"class_list":["post-30","page","type-page","status-publish","hentry"],"_links":{"self":[{"href":"https:\/\/www.agriturismocoppirossi.com\/index.php?rest_route=\/wp\/v2\/pages\/30","targetHints":{"allow":["GET"]}}],"collection":[{"href":"https:\/\/www.agriturismocoppirossi.com\/index.php?rest_route=\/wp\/v2\/pages"}],"about":[{"href":"https:\/\/www.agriturismocoppirossi.com\/index.php?rest_route=\/wp\/v2\/types\/page"}],"author":[{"embeddable":true,"href":"https:\/\/www.agriturismocoppirossi.com\/index.php?rest_route=\/wp\/v2\/users\/1"}],"replies":[{"embeddable":true,"href":"https:\/\/www.agriturismocoppirossi.com\/index.php?rest_route=%2Fwp%2Fv2%2Fcomments&post=30"}],"version-history":[{"count":5,"href":"https:\/\/www.agriturismocoppirossi.com\/index.php?rest_route=\/wp\/v2\/pages\/30\/revisions"}],"predecessor-version":[{"id":1377,"href":"https:\/\/www.agriturismocoppirossi.com\/index.php?rest_route=\/wp\/v2\/pages\/30\/revisions\/1377"}],"wp:attachment":[{"href":"https:\/\/www.agriturismocoppirossi.com\/index.php?rest_route=%2Fwp%2Fv2%2Fmedia&parent=30"}],"curies":[{"name":"wp","href":"https:\/\/api.w.org\/{rel}","templated":true}]}}